{"id":28789,"date":"2016-09-06T13:40:45","date_gmt":"2016-09-06T13:40:45","guid":{"rendered":"https:\/\/www.dreamhouse-lucca.com\/przykladowa-strona-copy\/"},"modified":"2025-07-02T09:44:13","modified_gmt":"2025-07-02T08:44:13","slug":"homepage-2","status":"publish","type":"page","link":"https:\/\/www.dreamhouse-lucca.com\/en\/","title":{"rendered":"Dreamhouse Lucca"},"content":{"rendered":"<p>[et_pb_section fb_built=&#8221;1&#8243; custom_padding_last_edited=&#8221;on|phone&#8221; _builder_version=&#8221;4.27.4&#8243; background_color=&#8221;#ffffff&#8221; use_background_color_gradient=&#8221;on&#8221; background_color_gradient_direction=&#8221;145deg&#8221; background_color_gradient_stops=&#8221;#333333 0%|rgba(255,255,255,0) 62%&#8221; background_color_gradient_overlays_image=&#8221;on&#8221; background_image=&#8221;https:\/\/www.dreamhouse-lucca.com\/wp-content\/uploads\/2025\/03\/luca-luca-min.jpg&#8221; background_position=&#8221;top_center&#8221; background_vertical_offset=&#8221;77%&#8221; custom_margin=&#8221;||50px|||&#8221; custom_padding=&#8221;16vh||16vh||true|false&#8221; custom_padding_tablet=&#8221;16vh||16vh||true|false&#8221; custom_padding_phone=&#8221;4vh||4vh||true|false&#8221; transparent_background=&#8221;off&#8221; make_fullwidth=&#8221;off&#8221; use_custom_width=&#8221;off&#8221; width_unit=&#8221;on&#8221; global_colors_info=&#8221;{}&#8221;][et_pb_row column_structure=&#8221;2_3,1_3&#8243; custom_padding_last_edited=&#8221;on|desktop&#8221; _builder_version=&#8221;4.27.4&#8243; background_size=&#8221;initial&#8221; background_position=&#8221;top_left&#8221; background_repeat=&#8221;repeat&#8221; custom_margin=&#8221;0px||0px|&#8221; custom_padding=&#8221;4px||3px|||&#8221; custom_padding_tablet=&#8221;&#8221; custom_padding_phone=&#8221;&#8221; make_fullwidth=&#8221;off&#8221; use_custom_width=&#8221;on&#8221; width_unit=&#8221;on&#8221; custom_width_px=&#8221;1600px&#8221; global_colors_info=&#8221;{}&#8221;][et_pb_column type=&#8221;2_3&#8243; _builder_version=&#8221;4.16&#8243; custom_padding=&#8221;|||&#8221; global_colors_info=&#8221;{}&#8221; custom_padding__hover=&#8221;|||&#8221;][et_pb_text _builder_version=&#8221;4.27.4&#8243; _module_preset=&#8221;default&#8221; header_font=&#8221;|600|||||||&#8221; header_text_color=&#8221;#FFFFFF&#8221; header_font_size=&#8221;60px&#8221; header_4_font=&#8221;|600|||||||&#8221; header_4_text_color=&#8221;#FFFFFF&#8221; header_font_size_tablet=&#8221;60px&#8221; header_font_size_phone=&#8221;36px&#8221; header_font_size_last_edited=&#8221;on|phone&#8221; global_colors_info=&#8221;{}&#8221;]<\/p>\n<h1>Dreamhouse Lucca<\/h1>\n<h4>Begeleid je persoonlijk bij de aankoop of verkoop van jouw woning in Itali\u00eb.<\/h4>\n<p>[\/et_pb_text][et_pb_button button_text=&#8221;Kopen zonder makelaar&#8221; _builder_version=&#8221;4.27.4&#8243; _module_preset=&#8221;default&#8221; custom_button=&#8221;on&#8221; button_text_size=&#8221;16px&#8221; button_bg_color=&#8221;#f97e28&#8243; button_border_color=&#8221;#f97e28&#8243; button_border_radius=&#8221;5px&#8221; button_font=&#8221;Poppins||||||||&#8221; global_colors_info=&#8221;{}&#8221; button_bg_color__hover_enabled=&#8221;on|hover&#8221; button_bg_color__hover=&#8221;#282e66&#8243; button_bg_enable_color__hover=&#8221;on&#8221; button_border_color__hover_enabled=&#8221;on|hover&#8221; button_border_color__hover=&#8221;#282e66&#8243;][\/et_pb_button][\/et_pb_column][et_pb_column type=&#8221;1_3&#8243; _builder_version=&#8221;4.27.4&#8243; custom_padding=&#8221;||||false|false&#8221; border_radii=&#8221;on|10px|10px|10px|10px&#8221; border_width_top=&#8221;6px&#8221; border_color_top=&#8221;#f97e28&#8243; global_colors_info=&#8221;{}&#8221; custom_padding__hover=&#8221;|||&#8221;][et_pb_text _builder_version=&#8221;4.27.4&#8243; _module_preset=&#8221;default&#8221; text_font=&#8221;Poppins||||||||&#8221; text_text_color=&#8221;#FFFFFF&#8221; text_font_size=&#8221;15px&#8221; header_3_font=&#8221;|600|||||||&#8221; header_3_text_align=&#8221;left&#8221; header_3_text_color=&#8221;#FFFFFF&#8221; background_color=&#8221;rgba(40,46,102,0.83)&#8221; custom_padding=&#8221;56px|30px|56px|30px|true|true&#8221; global_colors_info=&#8221;{}&#8221;]<\/p>\n<h3>Dreamhouse Lucca<\/h3>\n<p>T: 0039-334 225 5915<br \/>\nE: dreamhouse.lucca@gmail.com<br \/>\nWe speak Dutch, English and Italian[\/et_pb_text][\/et_pb_column][\/et_pb_row][\/et_pb_section][et_pb_section fb_built=&#8221;1&#8243; _builder_version=&#8221;4.27.4&#8243; _module_preset=&#8221;default&#8221; background_color=&#8221;#f9f9f9&#8243; custom_padding=&#8221;0px|||||&#8221; global_colors_info=&#8221;{}&#8221;][et_pb_row column_structure=&#8221;2_5,3_5&#8243; use_custom_gutter=&#8221;on&#8221; gutter_width=&#8221;1&#8243; make_equal=&#8221;on&#8221; custom_padding_last_edited=&#8221;on|phone&#8221; module_id=&#8221;team&#8221; _builder_version=&#8221;4.27.4&#8243; background_color=&#8221;#ffffff&#8221; background_size=&#8221;initial&#8221; background_position=&#8221;top_left&#8221; background_repeat=&#8221;repeat&#8221; custom_margin=&#8221;||||false|false&#8221; custom_margin_phone=&#8221;0%||||false|false&#8221; custom_margin_last_edited=&#8221;off|desktop&#8221; custom_padding=&#8221;60px|0px|60px|30px|false|false&#8221; custom_padding_tablet=&#8221;&#8221; custom_padding_phone=&#8221;10px|12px|10px|12px|true|true&#8221; animation_style=&#8221;slide&#8221; animation_direction=&#8221;bottom&#8221; animation_intensity_slide=&#8221;6%&#8221; animation_starting_opacity=&#8221;100%&#8221; border_radii=&#8221;on|15px|15px|15px|15px&#8221; border_color_all=&#8221;#f07e30&#8243; border_width_top=&#8221;10px&#8221; box_shadow_style=&#8221;preset3&#8243; box_shadow_vertical=&#8221;39px&#8221; box_shadow_blur=&#8221;80px&#8221; box_shadow_color=&#8221;rgba(0,0,0,0.1)&#8221; use_custom_width=&#8221;on&#8221; custom_width_px=&#8221;1440px&#8221; global_colors_info=&#8221;{}&#8221;][et_pb_column type=&#8221;2_5&#8243; _builder_version=&#8221;4.16&#8243; background_image=&#8221;https:\/\/www.dreamhouse-lucca.com\/wp-content\/uploads\/2025\/03\/bagni-di-lucca-kleur.jpg&#8221; custom_padding=&#8221;|40px||40px&#8221; border_radii=&#8221;on|10px|10px|10px|10px&#8221; global_colors_info=&#8221;{}&#8221; custom_padding__hover=&#8221;|||&#8221;][et_pb_divider show_divider=&#8221;off&#8221; _builder_version=&#8221;4.16&#8243; _module_preset=&#8221;default&#8221; custom_margin=&#8221;197px||||false|false&#8221; global_colors_info=&#8221;{}&#8221;][\/et_pb_divider][\/et_pb_column][et_pb_column type=&#8221;3_5&#8243; _builder_version=&#8221;4.16&#8243; custom_padding=&#8221;|40px||40px&#8221; custom_padding_tablet=&#8221;&#8221; custom_padding_phone=&#8221;|0px||0px|false|true&#8221; custom_padding_last_edited=&#8221;on|phone&#8221; global_colors_info=&#8221;{}&#8221; custom_padding__hover=&#8221;|||&#8221;][et_pb_text _builder_version=&#8221;4.27.4&#8243; _module_preset=&#8221;default&#8221; text_text_color=&#8221;#252525&#8243; header_text_color=&#8221;#252525&#8243; header_2_font=&#8221;|600|||||||&#8221; header_2_font_size=&#8221;36px&#8221; custom_margin=&#8221;-2px||||false|false&#8221; custom_margin_tablet=&#8221;&#8221; custom_margin_phone=&#8221;20px|0px||0px|false|false&#8221; custom_margin_last_edited=&#8221;on|phone&#8221; custom_padding_tablet=&#8221;&#8221; custom_padding_phone=&#8221;|0px||0px|false|false&#8221; custom_padding_last_edited=&#8221;on|phone&#8221; header_2_font_size_tablet=&#8221;&#8221; header_2_font_size_phone=&#8221;28px&#8221; header_2_font_size_last_edited=&#8221;on|phone&#8221; global_colors_info=&#8221;{}&#8221;]<\/p>\n<h2>Aankoop verkoop woning<\/h2>\n<p>Van de zoektocht naar het object dat aan je wensen voldoet, tot aan de notari\u00eble overdracht en ook daarna. Wij hebben jarenlange ervaring met alle aspecten die gemoeid zijn met aankoop en verkoop van onroerend goed.<\/p>\n<p>Wij zijn een kleinschalig technisch adviesbureau voor aan- of verkoop van woningen en bouwkavels in de regio Lucca en Garfagnana in Toscane. Onze voorliefde voor dit prachtige gebied in Toscane, gelegen rondom Lucca-stad, delen we graag. Op zoek naar een luxe villa in het landelijk gebied, een appartement aan zee, een historische \u2018rustico\u2019 te midden van de olijfgaarden, een ski-appartement voor in de winter of een \u2018opknappertje\u2019?<\/p>\n<p>Met lange ervaring en met een \u201cNederlandse Italiaan\u201d en een &#8220;<span>professionele Geometra en technisch bouwadviseur&#8221;<\/span> ter plaatse, kan DREAMHOUSE LUCCA je optimaal adviseren en begeleiden bij de aankoop van je droomhuis in Toscane.<\/p>\n<p>[\/et_pb_text][et_pb_button button_url=&#8221;#contact&#8221; button_text=&#8221;Maak een afspraak&#8221; button_alignment=&#8221;left&#8221; _builder_version=&#8221;4.27.4&#8243; custom_button=&#8221;on&#8221; button_text_size=&#8221;16px&#8221; button_text_color=&#8221;#ffffff&#8221; button_bg_color=&#8221;#f07f30&#8243; button_border_width=&#8221;0px&#8221; button_border_radius=&#8221;6px&#8221; button_letter_spacing=&#8221;1px&#8221; button_font=&#8221;||||||||&#8221; button_use_icon=&#8221;off&#8221; background_layout=&#8221;dark&#8221; custom_margin=&#8221;31px|||||&#8221; custom_padding=&#8221;10px|30px|12px|30px|false|false&#8221; box_shadow_style=&#8221;preset3&#8243; box_shadow_color=&#8221;rgba(60,57,230,0.15)&#8221; button_letter_spacing_hover=&#8221;1px&#8221; locked=&#8221;off&#8221; global_colors_info=&#8221;{}&#8221; button_text_size__hover_enabled=&#8221;off&#8221; button_text_size__hover=&#8221;null&#8221; button_one_text_size__hover_enabled=&#8221;off&#8221; button_one_text_size__hover=&#8221;null&#8221; button_two_text_size__hover_enabled=&#8221;off&#8221; button_two_text_size__hover=&#8221;null&#8221; button_text_color__hover_enabled=&#8221;off&#8221; button_text_color__hover=&#8221;null&#8221; button_one_text_color__hover_enabled=&#8221;off&#8221; button_one_text_color__hover=&#8221;null&#8221; button_two_text_color__hover_enabled=&#8221;off&#8221; button_two_text_color__hover=&#8221;null&#8221; button_border_width__hover_enabled=&#8221;off&#8221; button_border_width__hover=&#8221;null&#8221; button_one_border_width__hover_enabled=&#8221;off&#8221; button_one_border_width__hover=&#8221;null&#8221; button_two_border_width__hover_enabled=&#8221;off&#8221; button_two_border_width__hover=&#8221;null&#8221; button_border_color__hover_enabled=&#8221;off&#8221; button_border_color__hover=&#8221;null&#8221; button_one_border_color__hover_enabled=&#8221;off&#8221; button_one_border_color__hover=&#8221;null&#8221; button_two_border_color__hover_enabled=&#8221;off&#8221; button_two_border_color__hover=&#8221;null&#8221; button_border_radius__hover_enabled=&#8221;off&#8221; button_border_radius__hover=&#8221;null&#8221; button_one_border_radius__hover_enabled=&#8221;off&#8221; button_one_border_radius__hover=&#8221;null&#8221; button_two_border_radius__hover_enabled=&#8221;off&#8221; button_two_border_radius__hover=&#8221;null&#8221; button_letter_spacing__hover_enabled=&#8221;on&#8221; button_letter_spacing__hover=&#8221;1px&#8221; button_one_letter_spacing__hover_enabled=&#8221;off&#8221; button_one_letter_spacing__hover=&#8221;null&#8221; button_two_letter_spacing__hover_enabled=&#8221;off&#8221; button_two_letter_spacing__hover=&#8221;null&#8221; button_bg_color__hover_enabled=&#8221;off&#8221; button_bg_color__hover=&#8221;null&#8221; button_one_bg_color__hover_enabled=&#8221;off&#8221; button_one_bg_color__hover=&#8221;null&#8221; button_two_bg_color__hover_enabled=&#8221;off&#8221; button_two_bg_color__hover=&#8221;null&#8221;]<br \/>\n[\/et_pb_button][\/et_pb_column][\/et_pb_row][\/et_pb_section][et_pb_section fb_built=&#8221;1&#8243; admin_label=&#8221;woningaanbod&#8221; _builder_version=&#8221;4.27.4&#8243; background_color=&#8221;#ffffff&#8221; transparent_background=&#8221;off&#8221; make_fullwidth=&#8221;off&#8221; use_custom_width=&#8221;off&#8221; width_unit=&#8221;on&#8221; global_colors_info=&#8221;{}&#8221;][et_pb_row _builder_version=&#8221;4.27.4&#8243; background_color=&#8221;#FFFFFF&#8221; background_size=&#8221;initial&#8221; background_position=&#8221;top_left&#8221; background_repeat=&#8221;repeat&#8221; custom_padding=&#8221;|30px||30px|false|true&#8221; border_radii=&#8221;on|10px|10px|10px|10px&#8221; border_color_all=&#8221;#f07f30&#8243; border_width_top=&#8221;10px&#8221; box_shadow_style=&#8221;preset3&#8243; make_fullwidth=&#8221;off&#8221; use_custom_width=&#8221;on&#8221; width_unit=&#8221;on&#8221; custom_width_px=&#8221;1160px&#8221; global_colors_info=&#8221;{}&#8221;][et_pb_column type=&#8221;4_4&#8243; _builder_version=&#8221;4.16&#8243; custom_padding=&#8221;|||&#8221; global_colors_info=&#8221;{}&#8221; custom_padding__hover=&#8221;|||&#8221;][et_pb_b3_properties properties_layout=&#8221;normal&#8221; properties_filtering=&#8221;on&#8221; properties_layout_mode=&#8221;on&#8221; properties_status_filtering=&#8221;on&#8221; properties_category_filtering=&#8221;on&#8221; properties_price_filtering=&#8221;on&#8221; properties_display_pagination=&#8221;on&#8221; count=&#8221;6&#8243; pl_colors=&#8221;#f07f30&#8243; _builder_version=&#8221;4.27.4&#8243; _module_preset=&#8221;default&#8221; b3list_ptitle_font=&#8221;||||||||&#8221; b3list_ptitle_text_color=&#8221;#191919&#8243; b3list_pbutton_font=&#8221;|600|||||||&#8221; b3list_pbutton_text_color=&#8221;#FFFFFF&#8221; b3list_plabel_text_color=&#8221;#191919&#8243; border_radii=&#8221;on|10px|10px|10px|10px&#8221; global_colors_info=&#8221;{}&#8221;][\/et_pb_b3_properties][\/et_pb_column][\/et_pb_row][\/et_pb_section]<\/p>\n","protected":false},"excerpt":{"rendered":"<p>Dreamhouse Lucca Begeleid je persoonlijk bij de aankoop of verkoop van jouw woning in Itali\u00eb.Dreamhouse Lucca T: 0039-334 225 5915 E: dreamhouse.lucca@gmail.com We speak Dutch, English and ItalianAankoop verkoop woning Van de zoektocht naar het object dat aan je wensen voldoet, tot aan de notari\u00eble overdracht en ook daarna. Wij hebben jarenlange ervaring met alle [&hellip;]<\/p>\n","protected":false},"author":1,"featured_media":0,"parent":0,"menu_order":0,"comment_status":"closed","ping_status":"closed","template":"","meta":{"_acf_changed":false,"_et_pb_use_builder":"on","_et_pb_old_content":"<p>To jest przyk\u0142adowa strona. R\u00f3\u017cni si\u0119 ona od postu na blogu, poniewa\u017c pozostanie ona ci\u0105gle w jednym miejscu i poka\u017ce si\u0119 w panelu nawigacyjnym na twojej stronie (w przypadku wi\u0119kszo\u015bci szablon\u00f3w). Wi\u0119kszo\u015b\u0107 os\u00f3b zaczyna od strony 'O mnie' lub 'O nas', kt\u00f3ra przedstawia ich potencjalnym odwiedzaj\u0105cym stron\u0119. Mo\u017ce to by\u0107 co\u015b takiego:<\/p><blockquote><p>Cze\u015b\u0107! Jestem kurierem na rowerze za dnia, noc\u0105 aktorem amatorem, a to jest m\u00f3j blog. Mieszkam w Gda\u0144sku, mam wspania\u0142ego psa o imieniu Azor i uwielbiam pi\u00f1a colad\u0119. (Oraz to, kiedy \u0142apie mnie deszcz.)<\/p><\/blockquote><p>...lub co\u015b bardziej jak to:<\/p><blockquote><p>Firma XYZ zosta\u0142a za\u0142o\u017cona w 1971 roku i od tamtej pory wytwarza najlepszej jako\u015bci wijaster na rynku. Zlokalizowana w Pacanowie zatrudnia ponad 2000 os\u00f3b i jest powodem samego dobrodziejstwa dla lokalnej spo\u0142eczno\u015bci.<\/p><\/blockquote><p>Jako nowy u\u017cytkowni WordPressa, powiniene\u015b odwiedzi\u0107 <a href=\"http:\/\/realestate.b3multimedia.ie\/wp-admin\/\">sw\u00f3j panel administracyjny<\/a>, aby skasowa\u0107 t\u0119 stron\u0119 i stworzy\u0107 nowe, dostosowane do Twoich potrzeb strony. Mi\u0142ej zabawy!<\/p>","_et_gb_content_width":"","footnotes":""},"class_list":["post-28789","page","type-page","status-publish","hentry"],"acf":[],"_links":{"self":[{"href":"https:\/\/www.dreamhouse-lucca.com\/en\/wp-json\/wp\/v2\/pages\/28789","targetHints":{"allow":["GET"]}}],"collection":[{"href":"https:\/\/www.dreamhouse-lucca.com\/en\/wp-json\/wp\/v2\/pages"}],"about":[{"href":"https:\/\/www.dreamhouse-lucca.com\/en\/wp-json\/wp\/v2\/types\/page"}],"author":[{"embeddable":true,"href":"https:\/\/www.dreamhouse-lucca.com\/en\/wp-json\/wp\/v2\/users\/1"}],"replies":[{"embeddable":true,"href":"https:\/\/www.dreamhouse-lucca.com\/en\/wp-json\/wp\/v2\/comments?post=28789"}],"version-history":[{"count":37,"href":"https:\/\/www.dreamhouse-lucca.com\/en\/wp-json\/wp\/v2\/pages\/28789\/revisions"}],"predecessor-version":[{"id":987515826,"href":"https:\/\/www.dreamhouse-lucca.com\/en\/wp-json\/wp\/v2\/pages\/28789\/revisions\/987515826"}],"wp:attachment":[{"href":"https:\/\/www.dreamhouse-lucca.com\/en\/wp-json\/wp\/v2\/media?parent=28789"}],"curies":[{"name":"wp","href":"https:\/\/api.w.org\/{rel}","templated":true}]}}